{"id":25,"date":"2018-05-22T06:38:25","date_gmt":"2018-05-22T06:38:25","guid":{"rendered":"http:\/\/rantatoysa.fi\/?page_id=25"},"modified":"2019-09-16T17:06:14","modified_gmt":"2019-09-16T17:06:14","slug":"metsastysseura","status":"publish","type":"page","link":"https:\/\/rantatoysa.fi\/?page_id=25","title":{"rendered":"Mets\u00e4stysseura"},"content":{"rendered":"<h1 class=\"entry-title\"><\/h1>\n<p><!-- .entry-header --><\/p>\n<div class=\"entry-content\">\n<p><strong>Rantat\u00f6ys\u00e4n Mets\u00e4stysseura Ry<\/strong> on perinteik\u00e4s 1946 perustettu pienehk\u00f6 mets\u00e4stysseura. Mets\u00e4stysalueemme sijaitsee Alavudella Rantat\u00f6ys\u00e4n kyl\u00e4ss\u00e4 jossa meill\u00e4 on pinta-alaa n. 5300ha. J\u00e4seni\u00e4 seuralla on viitisenkymment\u00e4, j\u00e4senist\u00f6 koostuu p\u00e4\u00e4osin maanomistajista sek\u00e4 seuran alueella asuvista mets\u00e4st\u00e4jist\u00e4. Seura kuuluu Alavuden-T\u00f6ys\u00e4n Riistanhoitoyhdistykseen, lis\u00e4ksi p\u00e4\u00e4timme vuosikokokouksessa 2013 liitty\u00e4 Suomen Mets\u00e4st\u00e4j\u00e4liiton j\u00e4seneksi.<\/p>\n<p><strong>Sorsastus:<\/strong> Mets\u00e4stysalueemme keskell\u00e4 sijaitsee Rantat\u00f6ys\u00e4n j\u00e4rvi jonka vesialueen omistaa T\u00f6ys\u00e4n osakaskunta, sorsastukseen tarvitaan siis osakaskunnan lupa. Lupia myy seuran sihteeri.<\/p>\n<p><strong>Muu pienriista:<\/strong> Pienpetojahti kuuluu isona osana vuosittaiseen toimintaamme, pyrkimyksemme on pit\u00e4\u00e4 varsinkin ketun, supin ja minkin kannat kurissa.<\/p>\n<p><strong>Hirvenmets\u00e4stys:<\/strong> Hirviporukkaamme kuuluu vuosittain parikymment\u00e4 aktiivista hirvest\u00e4j\u00e4\u00e4, hirvi\u00e4 mets\u00e4stet\u00e4\u00e4n molemmin puolin j\u00e4rve\u00e4.<\/p>\n<p><strong>Muut hirviel\u00e4imet:<\/strong> Seuramme alueella on pysyv\u00e4 mets\u00e4kauriskanta, my\u00f6s yksitt\u00e4isi\u00e4 havaintoja valkoh\u00e4nt\u00e4peurasta on tehty<\/p>\n<p><strong>Suurpedot:<\/strong> Seuramme on mukana niin karhun ja ilveksen yhteislupa-alueessa.<\/p>\n<p><strong>Riistanhoito:<\/strong> Harrastamme mets\u00e4styksen lis\u00e4ksi my\u00f6s voimakasta riistanhoitoty\u00f6t\u00e4, viemme joka vuosi hirville muutaman kymmenen nuolukive\u00e4 maastoon ja mets\u00e4kauriille ruokaa vied\u00e4\u00e4n molemmin puolin j\u00e4rve\u00e4. Seuralla on lis\u00e4ksi mets\u00e4stysmajan vieress\u00e4 riistapelto jossa viljell\u00e4\u00e4n p\u00e4\u00e4s\u00e4\u00e4nt\u00f6isesti kauraa ja rehukaalta. My\u00f6s yksityisill\u00e4 maanomistajilla on riistapeltoja seuran alueella.<\/p>\n<\/div>\n","protected":false},"excerpt":{"rendered":"<p>Rantat\u00f6ys\u00e4n Mets\u00e4stysseura Ry on perinteik\u00e4s 1946 perustettu pienehk\u00f6 mets\u00e4stysseura. Mets\u00e4stysalueemme sijaitsee Alavudella Rantat\u00f6ys\u00e4n kyl\u00e4ss\u00e4 jossa meill\u00e4 on pinta-alaa n. 5300ha. J\u00e4seni\u00e4 seuralla on viitisenkymment\u00e4, j\u00e4senist\u00f6 koostuu p\u00e4\u00e4osin maanomistajista sek\u00e4 seuran alueella asuvista mets\u00e4st\u00e4jist\u00e4. Seura kuuluu Alavuden-T\u00f6ys\u00e4n Riistanhoitoyhdistykseen, lis\u00e4ksi p\u00e4\u00e4timme vuosikokokouksessa 2013 liitty\u00e4 Suomen Mets\u00e4st\u00e4j\u00e4liiton j\u00e4seneksi. Sorsastus: Mets\u00e4stysalueemme keskell\u00e4 sijaitsee Rantat\u00f6ys\u00e4n j\u00e4rvi jonka vesialueen omistaa T\u00f6ys\u00e4n&hellip; <\/p>\n<p class=\"toivo-read-more\"><a href=\"https:\/\/rantatoysa.fi\/?page_id=25\" class=\"more-link\">Lue lis\u00e4\u00e4 <span class=\"screen-reader-text\">Mets\u00e4stysseura<\/span><\/a><\/p>\n","protected":false},"author":1,"featured_media":0,"parent":0,"menu_order":0,"comment_status":"closed","ping_status":"closed","template":"","meta":{"footnotes":""},"class_list":{"0":"post-25","1":"page","2":"type-page","3":"status-publish","5":"entry"},"_links":{"self":[{"href":"https:\/\/rantatoysa.fi\/index.php?rest_route=\/wp\/v2\/pages\/25","targetHints":{"allow":["GET"]}}],"collection":[{"href":"https:\/\/rantatoysa.fi\/index.php?rest_route=\/wp\/v2\/pages"}],"about":[{"href":"https:\/\/rantatoysa.fi\/index.php?rest_route=\/wp\/v2\/types\/page"}],"author":[{"embeddable":true,"href":"https:\/\/rantatoysa.fi\/index.php?rest_route=\/wp\/v2\/users\/1"}],"replies":[{"embeddable":true,"href":"https:\/\/rantatoysa.fi\/index.php?rest_route=%2Fwp%2Fv2%2Fcomments&post=25"}],"version-history":[{"count":3,"href":"https:\/\/rantatoysa.fi\/index.php?rest_route=\/wp\/v2\/pages\/25\/revisions"}],"predecessor-version":[{"id":159,"href":"https:\/\/rantatoysa.fi\/index.php?rest_route=\/wp\/v2\/pages\/25\/revisions\/159"}],"wp:attachment":[{"href":"https:\/\/rantatoysa.fi\/index.php?rest_route=%2Fwp%2Fv2%2Fmedia&parent=25"}],"curies":[{"name":"wp","href":"https:\/\/api.w.org\/{rel}","templated":true}]}}