{"id":39,"date":"2018-05-22T07:01:35","date_gmt":"2018-05-22T07:01:35","guid":{"rendered":"http:\/\/rantatoysa.fi\/?page_id=39"},"modified":"2025-04-24T17:24:46","modified_gmt":"2025-04-24T17:24:46","slug":"kalastusluvat","status":"publish","type":"page","link":"https:\/\/rantatoysa.fi\/?page_id=39","title":{"rendered":"Kalastusluvat"},"content":{"rendered":"<p>Pyydysmerkeist\u00e4 on luovuttu ja lupavaihtoehtoja lis\u00e4tty. Suosittelemme j\u00e4senmaksua! Se ei velvoita mihink\u00e4\u00e4n.<\/p>\n<p>Luvan maksu: Seuran pj tai kalastusseuran tilille. Tilinumero: FI69 5007 8940 0178 04 Rantat\u00f6ys\u00e4n kalastusseura, Alavuden seudun OP<\/p>\n<p>Kalastuslupia voi ostaa my\u00f6s Alavus Kirppikselt\u00e4, Kuulantie 25 Alavus.<\/p>\n<ul>\n<li><strong>Kalastuslupa &#8221;raskas&#8221;<\/strong>\n<ul>\n<li>vavat, kaikki pyydykset 22\u20ac<\/li>\n<\/ul>\n<\/li>\n<li><strong>Kalastuslupa &#8221;kevyt&#8221;<\/strong>\n<ul>\n<li>vavat ja katiskat 15 \u20ac<\/li>\n<\/ul>\n<\/li>\n<li><strong>P\u00e4iv\u00e4lupa<\/strong>\n<ul>\n<li>vavat ja katiskat 5 \u20ac<\/li>\n<\/ul>\n<\/li>\n<li><strong>J\u00e4senmaksu<\/strong>\n<ul>\n<li>sis\u00e4lt\u00e4\u00e4 kaikki kalastusoikeudet 20 \u20ac<\/li>\n<\/ul>\n<\/li>\n<li><strong>J\u00e4senmaksu+venepaikkaoikeus Luodeslahti<\/strong> 30 \u20ac<\/li>\n<\/ul>\n<p>Lis\u00e4tiedot seuran pj. Mikko Mursula 045 6931 060<\/p>\n","protected":false},"excerpt":{"rendered":"<p>Pyydysmerkeist\u00e4 on luovuttu ja lupavaihtoehtoja lis\u00e4tty. Suosittelemme j\u00e4senmaksua! Se ei velvoita mihink\u00e4\u00e4n. Luvan maksu: Seuran pj tai kalastusseuran tilille. Tilinumero: FI69 5007 8940 0178 04 Rantat\u00f6ys\u00e4n kalastusseura, Alavuden seudun OP Kalastuslupia voi ostaa my\u00f6s Alavus Kirppikselt\u00e4, Kuulantie 25 Alavus. Kalastuslupa &#8221;raskas&#8221; vavat, kaikki pyydykset 22\u20ac Kalastuslupa &#8221;kevyt&#8221; vavat ja katiskat 15 \u20ac P\u00e4iv\u00e4lupa vavat ja&hellip; <\/p>\n<p class=\"toivo-read-more\"><a href=\"https:\/\/rantatoysa.fi\/?page_id=39\" class=\"more-link\">Lue lis\u00e4\u00e4 <span class=\"screen-reader-text\">Kalastusluvat<\/span><\/a><\/p>\n","protected":false},"author":1,"featured_media":0,"parent":29,"menu_order":0,"comment_status":"closed","ping_status":"closed","template":"","meta":{"footnotes":""},"class_list":{"0":"post-39","1":"page","2":"type-page","3":"status-publish","5":"entry"},"_links":{"self":[{"href":"https:\/\/rantatoysa.fi\/index.php?rest_route=\/wp\/v2\/pages\/39","targetHints":{"allow":["GET"]}}],"collection":[{"href":"https:\/\/rantatoysa.fi\/index.php?rest_route=\/wp\/v2\/pages"}],"about":[{"href":"https:\/\/rantatoysa.fi\/index.php?rest_route=\/wp\/v2\/types\/page"}],"author":[{"embeddable":true,"href":"https:\/\/rantatoysa.fi\/index.php?rest_route=\/wp\/v2\/users\/1"}],"replies":[{"embeddable":true,"href":"https:\/\/rantatoysa.fi\/index.php?rest_route=%2Fwp%2Fv2%2Fcomments&post=39"}],"version-history":[{"count":8,"href":"https:\/\/rantatoysa.fi\/index.php?rest_route=\/wp\/v2\/pages\/39\/revisions"}],"predecessor-version":[{"id":282,"href":"https:\/\/rantatoysa.fi\/index.php?rest_route=\/wp\/v2\/pages\/39\/revisions\/282"}],"up":[{"embeddable":true,"href":"https:\/\/rantatoysa.fi\/index.php?rest_route=\/wp\/v2\/pages\/29"}],"wp:attachment":[{"href":"https:\/\/rantatoysa.fi\/index.php?rest_route=%2Fwp%2Fv2%2Fmedia&parent=39"}],"curies":[{"name":"wp","href":"https:\/\/api.w.org\/{rel}","templated":true}]}}