{"id":59,"date":"2018-07-23T19:36:52","date_gmt":"2018-07-23T19:36:52","guid":{"rendered":"http:\/\/rantatoysa.fi\/?page_id=59"},"modified":"2025-04-21T16:56:39","modified_gmt":"2025-04-21T16:56:39","slug":"luvat-ja-maksut","status":"publish","type":"page","link":"https:\/\/rantatoysa.fi\/?page_id=59","title":{"rendered":"Seuran s\u00e4\u00e4nn\u00f6t ja maksut"},"content":{"rendered":"<p class=\"entry-title\"><!-- .entry-header --><\/p>\n<p><strong>S\u00e4\u00e4nn\u00f6t<\/strong><\/p>\n<p><a href=\"https:\/\/rantatoysa.fi\/wp-content\/uploads\/2019\/09\/Rantat\u00f6ys\u00e4n-Mets\u00e4stysseuran-s\u00e4\u00e4nn\u00f6t.pdf\">Rantat\u00f6ys\u00e4n Mets\u00e4stysseuran s\u00e4\u00e4nn\u00f6t<\/a><\/p>\n<p><strong>Maksut<\/strong><\/p>\n<p>Seuran j\u00e4senmaksu on 30 euroa<\/p>\n<p>Seuran liittymismaksu on 150 euroa, alle 18 vuotiailta sit\u00e4 ei perit\u00e4<\/p>\n<p>P\u00e4iv\u00e4kortin hinta\u00a0 on 15 euroa ja se voidaan lunastaa maksamalla summa seuran tilille FI12 5007 0040 0370 97.\u00a0 Viestikentt\u00e4\u00e4n is\u00e4nn\u00e4n nimi n\u00e4kyviin. P\u00e4iv\u00e4kortilla mets\u00e4st\u00e4v\u00e4n mukana on aina oltava seuran j\u00e4sen. Yksi p\u00e4iv\u00e4korttilainen j\u00e4sent\u00e4 kohden on sallittu vuorokaudessa. Mik\u00e4li riistalle on m\u00e4\u00e4ritelty kiinti\u00f6, p\u00e4iv\u00e4korttilaisen saalis on pois j\u00e4senen kiinti\u00f6st\u00e4. Suurpetojen, villisian ja pienpetojen mets\u00e4stykseen p\u00e4iv\u00e4korttia ei tarvitse maksaa. P\u00e4iv\u00e4kortin voi lunastaa my\u00f6s viikoksi (7 vrk) hintaan 60 euroa.<\/p>\n<div class=\"entry-content\">\n<p>Sorsastukseen Rantat\u00f6ys\u00e4n j\u00e4rvell\u00e4 tarvitaan T\u00f6ys\u00e4n jakokunnan lupa. J\u00e4senilt\u00e4 maksu on 5 euroa \/kausi ja se maksetaan seuran j\u00e4senmaksun yhteydess\u00e4. Vierailta maksu on 20 euroa p\u00e4iv\u00e4 tai 40 euroa viikko. Maksu suoritetaan seuran tilille, viestiin\u00a0is\u00e4nn\u00e4n nimi\u00a0+ teksti: sorsastuslupa Rantat\u00f6ys\u00e4n j\u00e4rvelle. Seuran p\u00e4iv\u00e4korttia ei tarvitse maksaa erikseen pelkk\u00e4\u00e4 j\u00e4rvell\u00e4 tapahtuvaa sorsastusta varten<\/p>\n<p>Rantat\u00f6ys\u00e4n Mets\u00e4stysseura\u00a0on siirtynyt\u00a0mets\u00e4styskaudesta 2017 \u2013 2018 alkaen Mets\u00e4st\u00e4j\u00e4liiton keskitetyn j\u00e4senmaksulaskutuksen k\u00e4ytt\u00f6\u00f6n. K\u00e4yt\u00e4nn\u00f6ss\u00e4 t\u00e4m\u00e4 tarkoittaa sit\u00e4 ett\u00e4 jokainen seuran j\u00e4sen saa\u00a0 j\u00e4senmaksulaskun postin mukana kotiin. Maksu maksetaan laskussa n\u00e4kyv\u00e4lle Mets\u00e4st\u00e4j\u00e4liiton tilille joten seuran tilille ei jatkossa maksua en\u00e4\u00e4 makseta eik\u00e4 my\u00f6sk\u00e4\u00e4n kes\u00e4kokouksessa vastaanoteta j\u00e4senmaksuja<\/p>\n<\/div>\n","protected":false},"excerpt":{"rendered":"<p>S\u00e4\u00e4nn\u00f6t Rantat\u00f6ys\u00e4n Mets\u00e4stysseuran s\u00e4\u00e4nn\u00f6t Maksut Seuran j\u00e4senmaksu on 30 euroa Seuran liittymismaksu on 150 euroa, alle 18 vuotiailta sit\u00e4 ei perit\u00e4 P\u00e4iv\u00e4kortin hinta\u00a0 on 15 euroa ja se voidaan lunastaa maksamalla summa seuran tilille FI12 5007 0040 0370 97.\u00a0 Viestikentt\u00e4\u00e4n is\u00e4nn\u00e4n nimi n\u00e4kyviin. P\u00e4iv\u00e4kortilla mets\u00e4st\u00e4v\u00e4n mukana on aina oltava seuran j\u00e4sen. Yksi p\u00e4iv\u00e4korttilainen j\u00e4sent\u00e4 kohden&hellip; <\/p>\n<p class=\"toivo-read-more\"><a href=\"https:\/\/rantatoysa.fi\/?page_id=59\" class=\"more-link\">Lue lis\u00e4\u00e4 <span class=\"screen-reader-text\">Seuran s\u00e4\u00e4nn\u00f6t ja maksut<\/span><\/a><\/p>\n","protected":false},"author":1,"featured_media":0,"parent":25,"menu_order":0,"comment_status":"closed","ping_status":"closed","template":"","meta":{"footnotes":""},"class_list":{"0":"post-59","1":"page","2":"type-page","3":"status-publish","5":"entry"},"_links":{"self":[{"href":"https:\/\/rantatoysa.fi\/index.php?rest_route=\/wp\/v2\/pages\/59","targetHints":{"allow":["GET"]}}],"collection":[{"href":"https:\/\/rantatoysa.fi\/index.php?rest_route=\/wp\/v2\/pages"}],"about":[{"href":"https:\/\/rantatoysa.fi\/index.php?rest_route=\/wp\/v2\/types\/page"}],"author":[{"embeddable":true,"href":"https:\/\/rantatoysa.fi\/index.php?rest_route=\/wp\/v2\/users\/1"}],"replies":[{"embeddable":true,"href":"https:\/\/rantatoysa.fi\/index.php?rest_route=%2Fwp%2Fv2%2Fcomments&post=59"}],"version-history":[{"count":12,"href":"https:\/\/rantatoysa.fi\/index.php?rest_route=\/wp\/v2\/pages\/59\/revisions"}],"predecessor-version":[{"id":279,"href":"https:\/\/rantatoysa.fi\/index.php?rest_route=\/wp\/v2\/pages\/59\/revisions\/279"}],"up":[{"embeddable":true,"href":"https:\/\/rantatoysa.fi\/index.php?rest_route=\/wp\/v2\/pages\/25"}],"wp:attachment":[{"href":"https:\/\/rantatoysa.fi\/index.php?rest_route=%2Fwp%2Fv2%2Fmedia&parent=59"}],"curies":[{"name":"wp","href":"https:\/\/api.w.org\/{rel}","templated":true}]}}