{"id":75,"date":"2018-07-23T19:58:44","date_gmt":"2018-07-23T19:58:44","guid":{"rendered":"http:\/\/rantatoysa.fi\/?page_id=75"},"modified":"2026-03-29T15:37:58","modified_gmt":"2026-03-29T15:37:58","slug":"ajankohtaista","status":"publish","type":"page","link":"https:\/\/rantatoysa.fi\/?page_id=75","title":{"rendered":"Ajankohtaista"},"content":{"rendered":"\n<p>Rantat\u00f6ys\u00e4n mets\u00e4stysseuran vuosikokous pidettiin seuran majalla 29.3.2026, paikalla oli 10 seuran j\u00e4sent\u00e4. Kokouksen p\u00e4\u00e4t\u00f6kset:<\/p>\n\n\n\n<ul class=\"wp-block-list\">\n<li>Seuran puheenjohtajaksi valittiin jatkamaan Jorma Saari<\/li>\n\n\n\n<li>Hallituksen erovuoroiset j\u00e4senet Tero Alakurtti ja Markku Pienim\u00e4ki valittiin jatkamaan<\/li>\n\n\n\n<li>Toiminnantarkastajiksi valittiin jatkamaan Kimmo Pohjala ja Juha Rantoja, varalla Aarre Ylinen<\/li>\n\n\n\n<li>Liittymis- ja j\u00e4senmaksut s\u00e4ilyv\u00e4t ennallaan <a href=\"https:\/\/rantatoysa.fi\/?page_id=59\">Seuran s\u00e4\u00e4nn\u00f6t ja maksut \u2013 Rantat\u00f6ys\u00e4<\/a><\/li>\n\n\n\n<li>Seuran hallituksen j\u00e4rjest\u00e4ytymiskokouksessa varapuheenjohtajaksi valittiin Aulis Volanto ja sihteeriksi Markku Pienim\u00e4ki joka toimii my\u00f6s rahastonhoitajana<\/li>\n<\/ul>\n\n\n\n<p>_______________________________________________________________________________________<br>Rantat\u00f6ys\u00e4n mets\u00e4stysseuran kes\u00e4kokous pidettiin seuran majalla 1.8.2025, paikalla oli 7 seuran j\u00e4sent\u00e4. Kokouksen p\u00e4\u00e4t\u00f6kset:<\/p>\n\n\n\n<ul class=\"wp-block-list\">\n<li>Muista vesilintujen h\u00e4m\u00e4r\u00e4mets\u00e4styskielto: Ampumisen saa aloittaa tuntia ennen auringon nousua ja se tulee lopettaa tunti auringon laskun j\u00e4lkeen. Mets\u00e4stysalueesi auringon nousun ja laskun ajankohdat l\u00f6yd\u00e4t Oma riista -maastosovelluksesta tai&nbsp;<a href=\"https:\/\/www.ilmatieteenlaitos.fi\/paikallissaa\">Ilmatieteenlaitoksen paikallisista s\u00e4\u00e4tiedoista<\/a>. Haavoittuneen linnun saa kuitenkin etsi\u00e4, lopettaa ja ottaa haltuun my\u00f6s kiellon aikana.<\/li>\n\n\n\n<li>Kauriskantaa seurataan ja tarvittaessa hallitus rajoittaa kaurisjahtia tekstiviesti-ilmoituksella. Jokainen on <strong>velvollinen <\/strong>tekem\u00e4\u00e4n lakis\u00e4\u00e4teisen saalisilmoituksen Oma riistaan ja ilmoittamaan kaadoista Tommi Saarelle<\/li>\n\n\n\n<li>Kanalintukiinti\u00f6t: 3 urospuolista lintua. Naaraslinnut rauhoitettuja. Kyyhkyt, sorsat, pyyt, j\u00e4nikset eiv\u00e4t kuulu kiinti\u00f6\u00f6n<\/li>\n\n\n\n<li>Mets\u00e4stysaikoina valtion m\u00e4\u00e4r\u00e4\u00e4m\u00e4t ajat <a href=\"https:\/\/riista.fi\/metsastys\/metsastysajat\/\">https:\/\/riista.fi\/metsastys\/metsastysajat\/<\/a> Mets\u00e4kanalintujen mets\u00e4stysajat julkaistaan heti kun mets\u00e4stysaika-asetus on annettu (elo-syyskuun vaihteessa)<\/li>\n\n\n\n<li>J\u00e4senell\u00e4 saa olla yksi vieraskorttilainen mukana per p\u00e4iv\u00e4 ja saalis on mahdollisesta is\u00e4nn\u00e4n kiinti\u00f6st\u00e4 pois. Vierasm\u00e4\u00e4r\u00e4rajoitus koskee my\u00f6s pienpetojen mets\u00e4styst\u00e4<\/li>\n\n\n\n<li>Joulurauha kaikelle riistalle 24-25.12<\/li>\n\n\n\n<li>Hirvikokous 14.9 klo 15:00 seuran majalla<\/li>\n<\/ul>\n\n\n\n<p>_______________________________________________________________________________________<\/p>\n\n\n\n<p>Rantat\u00f6ys\u00e4n mets\u00e4stysseuran vuosikokous pidettiin seuran majalla 13.4.2025, paikalla oli 10 seuran j\u00e4sent\u00e4. Kokouksen p\u00e4\u00e4t\u00f6kset:<\/p>\n\n\n\n<ul class=\"wp-block-list\">\n<li>Seuran puheenjohtajaksi valittiin Jorma Saari<\/li>\n\n\n\n<li>Hallituksen erovuoroiset j\u00e4senet Antti Ala-Prinkkil\u00e4 ja Tommi Saari valittiin jatkamaan <\/li>\n\n\n\n<li>Toiminnantarkastajiksi valittiin jatkamaan Kimmo Pohjala ja Juha Rantoja, varalla Aarre Ylinen<\/li>\n\n\n\n<li>Liittymis- ja j\u00e4senmaksut s\u00e4ilyv\u00e4t ennallaan <a href=\"https:\/\/rantatoysa.fi\/?page_id=59\">Seuran s\u00e4\u00e4nn\u00f6t ja maksut \u2013 Rantat\u00f6ys\u00e4<\/a><\/li>\n\n\n\n<li>Seuran hallituksen j\u00e4rjest\u00e4ytymiskokouksessa varapuheenjohtajaksi valittiin Aulis Volanto ja sihteeriksi Markku Pienim\u00e4ki joka toimii my\u00f6s rahastonhoitajana<\/li>\n<\/ul>\n\n\n\n<p>_______________________________________________________________________________________<\/p>\n\n\n\n<p>Hirvi ja peurajahtiin osallistuville voimassa edelleen 20 harjoituslaukauksen s\u00e4\u00e4nt\u00f6. Laukaukset ammuttava seuran j\u00e4rjest\u00e4mill\u00e4 harjoitusvuoroilla Alavuden ampumaradalla. Vuorot n\u00e4kyviss\u00e4&nbsp;Alavuden ampumaradan varauslistassa<\/p>\n\n\n\n<p><a href=\"https:\/\/www.alavus-toysarhy.fi\/?page_id=48\">Ratavarauslista<\/a><\/p>\n\n\n\n<p>_______________________________________________________________________________________<\/p>\n\n\n\n<p><\/p>\n\n\n\n<p><\/p>\n\n\n\n<p><\/p>\n","protected":false},"excerpt":{"rendered":"<p>Rantat\u00f6ys\u00e4n mets\u00e4stysseuran vuosikokous pidettiin seuran majalla 29.3.2026, paikalla oli 10 seuran j\u00e4sent\u00e4. Kokouksen p\u00e4\u00e4t\u00f6kset: _______________________________________________________________________________________Rantat\u00f6ys\u00e4n mets\u00e4stysseuran kes\u00e4kokous pidettiin seuran majalla 1.8.2025, paikalla oli 7 seuran j\u00e4sent\u00e4. Kokouksen p\u00e4\u00e4t\u00f6kset: _______________________________________________________________________________________ Rantat\u00f6ys\u00e4n mets\u00e4stysseuran vuosikokous pidettiin seuran majalla 13.4.2025, paikalla oli 10 seuran j\u00e4sent\u00e4. Kokouksen p\u00e4\u00e4t\u00f6kset: _______________________________________________________________________________________ Hirvi ja peurajahtiin osallistuville voimassa edelleen 20 harjoituslaukauksen s\u00e4\u00e4nt\u00f6. Laukaukset ammuttava&hellip; <\/p>\n<p class=\"toivo-read-more\"><a href=\"https:\/\/rantatoysa.fi\/?page_id=75\" class=\"more-link\">Lue lis\u00e4\u00e4 <span class=\"screen-reader-text\">Ajankohtaista<\/span><\/a><\/p>\n","protected":false},"author":1,"featured_media":0,"parent":25,"menu_order":0,"comment_status":"closed","ping_status":"closed","template":"","meta":{"footnotes":""},"class_list":{"0":"post-75","1":"page","2":"type-page","3":"status-publish","5":"entry"},"_links":{"self":[{"href":"https:\/\/rantatoysa.fi\/index.php?rest_route=\/wp\/v2\/pages\/75","targetHints":{"allow":["GET"]}}],"collection":[{"href":"https:\/\/rantatoysa.fi\/index.php?rest_route=\/wp\/v2\/pages"}],"about":[{"href":"https:\/\/rantatoysa.fi\/index.php?rest_route=\/wp\/v2\/types\/page"}],"author":[{"embeddable":true,"href":"https:\/\/rantatoysa.fi\/index.php?rest_route=\/wp\/v2\/users\/1"}],"replies":[{"embeddable":true,"href":"https:\/\/rantatoysa.fi\/index.php?rest_route=%2Fwp%2Fv2%2Fcomments&post=75"}],"version-history":[{"count":47,"href":"https:\/\/rantatoysa.fi\/index.php?rest_route=\/wp\/v2\/pages\/75\/revisions"}],"predecessor-version":[{"id":298,"href":"https:\/\/rantatoysa.fi\/index.php?rest_route=\/wp\/v2\/pages\/75\/revisions\/298"}],"up":[{"embeddable":true,"href":"https:\/\/rantatoysa.fi\/index.php?rest_route=\/wp\/v2\/pages\/25"}],"wp:attachment":[{"href":"https:\/\/rantatoysa.fi\/index.php?rest_route=%2Fwp%2Fv2%2Fmedia&parent=75"}],"curies":[{"name":"wp","href":"https:\/\/api.w.org\/{rel}","templated":true}]}}