{"id":82,"date":"2018-07-23T20:15:22","date_gmt":"2018-07-23T20:15:22","guid":{"rendered":"http:\/\/rantatoysa.fi\/?page_id=82"},"modified":"2024-10-10T06:00:37","modified_gmt":"2024-10-10T06:00:37","slug":"hirvenmetsastys","status":"publish","type":"page","link":"https:\/\/rantatoysa.fi\/?page_id=82","title":{"rendered":"Hirvenmets\u00e4stys"},"content":{"rendered":"<p>Hirviporukan uusilta j\u00e4senilt\u00e4 perit\u00e4\u00e4n lahtivajamaksuna 150 euroa<\/p>\n<p>Osuusmaksu m\u00e4\u00e4r\u00e4ytyy syksyn hirvikokouksessa, maksu k\u00e4teisen\u00e4 tai hirvimiesten tilille: FI70 5007 8950 0188 74<\/p>\n<p>Porukkaan p\u00e4\u00e4semiseksi vaaditaan lis\u00e4ksi erikseen joka kev\u00e4\u00e4n hirvikokouksessa p\u00e4\u00e4tett\u00e4v\u00e4 suoritettujen harjoituslaukausten m\u00e4\u00e4r\u00e4. Ampumasuorituksista pit\u00e4\u00e4 kirjaa seuran ampumajaoston j\u00e4senet. Seura varaa tarvittavan m\u00e4\u00e4r\u00e4n harjoitusvuoroja Alavuden ampumaradalta, linkki ratavarauskalenteriin Ajankohtaista -sivulla.<\/p>\n<p>Hirvenmets\u00e4styksen johtajat kausi 2024:<\/p>\n<p>Markku Pienim\u00e4ki<\/p>\n<p>Kari Pellonp\u00e4\u00e4<\/p>\n<p>Tommi Saari<\/p>\n<p>Henri Pohjala<\/p>\n","protected":false},"excerpt":{"rendered":"<p>Hirviporukan uusilta j\u00e4senilt\u00e4 perit\u00e4\u00e4n lahtivajamaksuna 150 euroa Osuusmaksu m\u00e4\u00e4r\u00e4ytyy syksyn hirvikokouksessa, maksu k\u00e4teisen\u00e4 tai hirvimiesten tilille: FI70 5007 8950 0188 74 Porukkaan p\u00e4\u00e4semiseksi vaaditaan lis\u00e4ksi erikseen joka kev\u00e4\u00e4n hirvikokouksessa p\u00e4\u00e4tett\u00e4v\u00e4 suoritettujen harjoituslaukausten m\u00e4\u00e4r\u00e4. Ampumasuorituksista pit\u00e4\u00e4 kirjaa seuran ampumajaoston j\u00e4senet. Seura varaa tarvittavan m\u00e4\u00e4r\u00e4n harjoitusvuoroja Alavuden ampumaradalta, linkki ratavarauskalenteriin Ajankohtaista -sivulla. Hirvenmets\u00e4styksen johtajat kausi 2024: Markku&hellip; <\/p>\n<p class=\"toivo-read-more\"><a href=\"https:\/\/rantatoysa.fi\/?page_id=82\" class=\"more-link\">Lue lis\u00e4\u00e4 <span class=\"screen-reader-text\">Hirvenmets\u00e4stys<\/span><\/a><\/p>\n","protected":false},"author":1,"featured_media":0,"parent":25,"menu_order":0,"comment_status":"closed","ping_status":"closed","template":"","meta":{"footnotes":""},"class_list":{"0":"post-82","1":"page","2":"type-page","3":"status-publish","5":"entry"},"_links":{"self":[{"href":"https:\/\/rantatoysa.fi\/index.php?rest_route=\/wp\/v2\/pages\/82","targetHints":{"allow":["GET"]}}],"collection":[{"href":"https:\/\/rantatoysa.fi\/index.php?rest_route=\/wp\/v2\/pages"}],"about":[{"href":"https:\/\/rantatoysa.fi\/index.php?rest_route=\/wp\/v2\/types\/page"}],"author":[{"embeddable":true,"href":"https:\/\/rantatoysa.fi\/index.php?rest_route=\/wp\/v2\/users\/1"}],"replies":[{"embeddable":true,"href":"https:\/\/rantatoysa.fi\/index.php?rest_route=%2Fwp%2Fv2%2Fcomments&post=82"}],"version-history":[{"count":7,"href":"https:\/\/rantatoysa.fi\/index.php?rest_route=\/wp\/v2\/pages\/82\/revisions"}],"predecessor-version":[{"id":272,"href":"https:\/\/rantatoysa.fi\/index.php?rest_route=\/wp\/v2\/pages\/82\/revisions\/272"}],"up":[{"embeddable":true,"href":"https:\/\/rantatoysa.fi\/index.php?rest_route=\/wp\/v2\/pages\/25"}],"wp:attachment":[{"href":"https:\/\/rantatoysa.fi\/index.php?rest_route=%2Fwp%2Fv2%2Fmedia&parent=82"}],"curies":[{"name":"wp","href":"https:\/\/api.w.org\/{rel}","templated":true}]}}